{"id":24697,"date":"2013-11-11T08:02:12","date_gmt":"2013-11-11T08:02:12","guid":{"rendered":"https:\/\/rcreee.org\/qui-nous-sommes\/"},"modified":"2024-07-28T07:56:28","modified_gmt":"2024-07-28T07:56:28","slug":"qui-nous-sommes","status":"publish","type":"page","link":"https:\/\/rcreee.org\/fr\/qui-nous-sommes\/","title":{"rendered":"Qui nous sommes"},"content":{"rendered":"\t\t<div data-elementor-type=\"wp-page\" data-elementor-id=\"24697\" class=\"elementor elementor-24697 elementor-37\" data-elementor-post-type=\"page\">\n\t\t\t\t<div class=\"elementor-element elementor-element-7519194 e-flex e-con-boxed e-con e-parent\" data-id=\"7519194\" data-element_type=\"container\">\n\t\t\t\t\t<div class=\"e-con-inner\">\n\t\t\t\t<div class=\"elementor-element elementor-element-5f30f14 elementor-widget elementor-widget-text-editor\" data-id=\"5f30f14\" data-element_type=\"widget\" data-widget_type=\"text-editor.default\">\n\t\t\t\t<div class=\"elementor-widget-container\">\n\t\t\t\t\t\t\t\t\t<p><strong>Le Centre r\u00e9gional pour les \u00e9nergies renouvelables et l&#8217;efficacit\u00e9 \u00e9nerg\u00e9tique (RCREEE)<\/strong> est une organisation intergouvernementale dot\u00e9e d&#8217;un statut diplomatique qui vise \u00e0 permettre et \u00e0 accro\u00eetre l&#8217;adoption de pratiques en mati\u00e8re d&#8217;\u00e9nergies renouvelables et d&#8217;efficacit\u00e9 \u00e9nerg\u00e9tique dans les pays panarabes. Le <strong>RCREEE<\/strong> est l&#8217;institution technique officielle de la Ligue des \u00c9tats arabes \u2013 D\u00e9partement de l&#8217;\u00e9nergie et du Conseil minist\u00e9riel arabe de l&#8217;\u00e9lectricit\u00e9 (AMCE).<\/p>\n<p>Le <strong>RCREEE<\/strong> fait \u00e9quipe avec les gouvernements, les organisations internationales, les IFI et le secteur priv\u00e9 via plusieurs formes de partenariats pour initier et diriger des dialogues, des strat\u00e9gies et des technologies sur les politiques d&#8217;\u00e9nergie propre, g\u00e9rer la facilitation des plateformes d&#8217;investissement dans les \u00e9nergies renouvelables et le d\u00e9veloppement des capacit\u00e9s afin d&#8217;augmenter la part des \u00c9tats arabes. des solutions \u00e9nerg\u00e9tiques modernes de demain.<\/p>\n<p>Comptant aujourd&#8217;hui 17 pays arabes parmi ses membres, le <strong>RCREEE<\/strong> s&#8217;efforce de diriger les initiatives et l&#8217;expertise en mati\u00e8re d&#8217;\u00e9nergies renouvelables et d&#8217;efficacit\u00e9 \u00e9nerg\u00e9tique dans tous les \u00c9tats arabes sur la base de son plan strat\u00e9gique approuv\u00e9 par son conseil d&#8217;administration.<\/p>\n<p>Le Secr\u00e9tariat du <b>RCREEE<\/b> dispose de plusieurs \u00e9quipes multidisciplinaires dans les sous-secteurs de l&#8217;\u00e9nergie durable et de l&#8217;action climatique avec des \u00e9quipes multiculturelles diversifi\u00e9es parmi les professionnels arabes et internationaux. <\/p>\n<p>Le <b>RCREEE,<\/b> via son secr\u00e9tariat &#8211; est une organisation financi\u00e8rement autonome. La principale source de financement est g\u00e9n\u00e9r\u00e9e via des portefeuilles complets de programmes et de partenariats via des accords de d\u00e9veloppement avec des IFD, des contrats avec des tiers et des programmes innovants de financement climatique. Le <b>RCREEE<\/b> d\u00e9tient \u00e9galement la responsabilit\u00e9 fiduciaire et toute juridiction juridique connexe aux activit\u00e9s du centre.<\/p>\n<p>Le <b>RCREEE<\/b> est organis\u00e9 comme une organisation r\u00e9gionale ind\u00e9pendante avec un statut juridique international et une structure organisationnelle conforme \u00e0 la charte de l&#8217;organisation. La Charte stipule une structure \u00e0 trois niveaux avec une assembl\u00e9e des \u00c9tats membres (&#8221; Conseil d&#8217;administration&#8221;), un comit\u00e9 ex\u00e9cutif (&#8220;Comit\u00e9 ex\u00e9cutif&#8221;) et un secr\u00e9tariat (&#8221; Secr\u00e9tariat&#8221;) dirig\u00e9 par le directeur ex\u00e9cutif du RCREEE.<\/p>\n\t\t\t\t\t\t\t\t<\/div>\n\t\t\t\t<\/div>\n\t\t\t\t\t<\/div>\n\t\t\t\t<\/div>\n\t\t<div class=\"elementor-element elementor-element-5b4b74b e-flex e-con-boxed e-con e-parent\" data-id=\"5b4b74b\" data-element_type=\"container\">\n\t\t\t\t\t<div class=\"e-con-inner\">\n\t\t\t\t<div class=\"elementor-element elementor-element-570a068 elementor-widget elementor-widget-hub_fancy_heading\" data-id=\"570a068\" data-element_type=\"widget\" data-widget_type=\"hub_fancy_heading.default\">\n\t\t\t\t<div class=\"elementor-widget-container\">\n\t\t\t\t\t\n\t\t<div id=\"ld-fancy-heading-69e74d093ccef\" class=\"ld-fancy-heading pos-rel\">\n\t\t\t<h2 class=\"ld-fh-element d-inline-block pos-rel  elementor-heading-title lqd-highlight-classic lqd-highlight-grow-left h2\"  > Histoire<\/h2>\t\t<\/div>\n\n\t\t\t\t\t\t<\/div>\n\t\t\t\t<\/div>\n\t\t\t\t\t<\/div>\n\t\t\t\t<\/div>\n\t\t<div class=\"elementor-element elementor-element-2467d82 e-flex e-con-boxed e-con e-parent\" data-id=\"2467d82\" data-element_type=\"container\">\n\t\t\t\t\t<div class=\"e-con-inner\">\n\t\t\t\t<div class=\"elementor-element elementor-element-00558f3 elementor-widget elementor-widget-text-editor\" data-id=\"00558f3\" data-element_type=\"widget\" data-widget_type=\"text-editor.default\">\n\t\t\t\t<div class=\"elementor-widget-container\">\n\t\t\t\t\t\t\t\t\t<p>Le <b>RCREEE<\/b> a \u00e9t\u00e9 cr\u00e9\u00e9 sur la base de la <i><b><a href=\"https:\/\/rcreee.org\/wp-content\/uploads\/2024\/03\/legal_cairodeclaration_2008_en.pdf\">D\u00e9claration du Caire<\/a><\/b><\/i> sign\u00e9e en juin 2008 par les repr\u00e9sentants des gouvernements de dix pays arabes. La d\u00e9claration d\u00e9crivait les deux objectifs fondamentaux suivants pour la cr\u00e9ation du centre :<\/p>\n<ol>\n<li>Diffuser la mise en \u0153uvre de politiques, de strat\u00e9gies et de technologies rentables en mati\u00e8re d\u2019\u00e9nergies renouvelables et d\u2019efficacit\u00e9 \u00e9nerg\u00e9tique dans la r\u00e9gion arabe.<\/li>\n<li>Augmenter la part des produits et services li\u00e9s aux \u00e9nergies renouvelables et \u00e0 l\u2019efficacit\u00e9 \u00e9nerg\u00e9tique dans la r\u00e9gion arabe et leur part du march\u00e9 mondial.<\/li>\n<\/ol>\n<p>Le <strong>RCREEE<\/strong> a acquis son statut juridique en ao\u00fbt 2010 en tant qu&#8217;organisation internationale ind\u00e9pendante \u00e0 but non lucratif gr\u00e2ce \u00e0 un accord de pays h\u00f4te avec le gouvernement \u00e9gyptien.<\/p>\n\t\t\t\t\t\t\t\t<\/div>\n\t\t\t\t<\/div>\n\t\t\t\t<div class=\"elementor-element elementor-element-572c954 elementor-widget elementor-widget-spacer\" data-id=\"572c954\" data-element_type=\"widget\" data-widget_type=\"spacer.default\">\n\t\t\t\t<div class=\"elementor-widget-container\">\n\t\t\t\t\t\t\t<div class=\"elementor-spacer\">\n\t\t\t<div class=\"elementor-spacer-inner\"><\/div>\n\t\t<\/div>\n\t\t\t\t\t\t<\/div>\n\t\t\t\t<\/div>\n\t\t\t\t\t<\/div>\n\t\t\t\t<\/div>\n\t\t\t\t<\/div>\n\t\t","protected":false},"excerpt":{"rendered":"<p>Le Centre r\u00e9gional pour les \u00e9nergies renouvelables et l&#8217;efficacit\u00e9 \u00e9nerg\u00e9tique (RCREEE) est une organisation intergouvernementale dot\u00e9e d&#8217;un statut diplomatique qui vise \u00e0 permettre et \u00e0 accro\u00eetre l&#8217;adoption de pratiques en mati\u00e8re d&#8217;\u00e9nergies renouvelables et d&#8217;efficacit\u00e9 \u00e9nerg\u00e9tique dans les pays panarabes. Le RCREEE est l&#8217;institution technique officielle de la Ligue des \u00c9tats arabes \u2013 D\u00e9partement de [&hellip;]<\/p>\n","protected":false},"author":1,"featured_media":20872,"parent":0,"menu_order":0,"comment_status":"closed","ping_status":"closed","template":"","meta":{"footnotes":""},"class_list":["post-24697","page","type-page","status-publish","has-post-thumbnail","hentry"],"_links":{"self":[{"href":"https:\/\/rcreee.org\/fr\/wp-json\/wp\/v2\/pages\/24697","targetHints":{"allow":["GET"]}}],"collection":[{"href":"https:\/\/rcreee.org\/fr\/wp-json\/wp\/v2\/pages"}],"about":[{"href":"https:\/\/rcreee.org\/fr\/wp-json\/wp\/v2\/types\/page"}],"author":[{"embeddable":true,"href":"https:\/\/rcreee.org\/fr\/wp-json\/wp\/v2\/users\/1"}],"replies":[{"embeddable":true,"href":"https:\/\/rcreee.org\/fr\/wp-json\/wp\/v2\/comments?post=24697"}],"version-history":[{"count":0,"href":"https:\/\/rcreee.org\/fr\/wp-json\/wp\/v2\/pages\/24697\/revisions"}],"wp:featuredmedia":[{"embeddable":true,"href":"https:\/\/rcreee.org\/fr\/wp-json\/wp\/v2\/media\/20872"}],"wp:attachment":[{"href":"https:\/\/rcreee.org\/fr\/wp-json\/wp\/v2\/media?parent=24697"}],"curies":[{"name":"wp","href":"https:\/\/api.w.org\/{rel}","templated":true}]}}