{"id":24733,"date":"2024-03-10T00:33:59","date_gmt":"2024-03-10T00:33:59","guid":{"rendered":"https:\/\/rcreee.org\/communiques-de-presse\/"},"modified":"2024-07-23T09:55:11","modified_gmt":"2024-07-23T09:55:11","slug":"communiques-de-presse","status":"publish","type":"page","link":"https:\/\/rcreee.org\/fr\/communiques-de-presse\/","title":{"rendered":"Communiqu\u00e9s de presse"},"content":{"rendered":"\t\t<div data-elementor-type=\"wp-page\" data-elementor-id=\"24733\" class=\"elementor elementor-24733 elementor-17206\" data-elementor-post-type=\"page\">\n\t\t\t\t<div class=\"elementor-element elementor-element-026e7a5 e-flex e-con-boxed e-con e-parent\" data-id=\"026e7a5\" data-element_type=\"container\">\n\t\t\t\t\t<div class=\"e-con-inner\">\n\t\t\t\t<div class=\"elementor-element elementor-element-1c02d00 elementor-widget elementor-widget-ld_blog\" data-id=\"1c02d00\" data-element_type=\"widget\" data-widget_type=\"ld_blog.default\">\n\t\t\t\t<div class=\"elementor-widget-container\">\n\t\t\t\t\t<div class=\"lqd-lp-grid 1c02d00 blog-id-29371648 \"><div class=\"lqd-lp-row row pos-rel d-flex flex-wrap\" ><div class=\"lqd-lp-column d-flex flex-column col-md-4 col-sm-6 press-releases-fr news-fr\"><article id=\"post-28875\" class=\"lqd-lp pos-rel lqd-lp lqd-lp-style-16 text-start post-28875 post type-post status-publish format-standard has-post-thumbnail hentry category-press-releases-fr category-news-fr\">\n\n<div class=\"lqd-lp-img border-radius-4 overflow-hidden pos-rel mb-5\">\n\t<figure class=\"pos-rel bg-cover bg-center w-100\"><img fetchpriority=\"high\" decoding=\"async\" width=\"720\" height=\"400\" src=\"https:\/\/rcreee.org\/wp-content\/uploads\/2026\/02\/DSC04305-copy0-720x400.jpg\" class=\"w-100 wp-post-image\" alt=\"\" itemprop=\"image\" \/><\/figure><\/div>\n\n<header class=\"lqd-lp-header mb-3\">\n\t<h2 class=\"entry-title lqd-lp-title h5 m-0\"><a  href=\"https:\/\/rcreee.org\/fr\/rcreee-a-eu-lhonneur-de-recevoir-le-president-du-conseil-dadministration-le-dr-abbas-adam-au-siege-du-rcreee-au-caire\/\" rel=\"bookmark\">RCREEE a eu l&#8217;honneur de recevoir le pr\u00e9sident du conseil d&#8217;administration, le Dr Abbas Adam, au si\u00e8ge du RCREEE au Caire.<\/a><\/h2><\/header>\n\n\t\t\t<div class=\"lqd-lp-excerpt mb-3\">\n\t\t\t\t\t\t\t<\/div>\n\t\t\n<footer class=\"lqd-lp-footer pos-rel z-index-2 pt-1\">\n\t<a href=\"https:\/\/rcreee.org\/fr\/rcreee-a-eu-lhonneur-de-recevoir-le-president-du-conseil-dadministration-le-dr-abbas-adam-au-siege-du-rcreee-au-caire\/\" class=\"btn btn-naked text-uppercase ltr-sp-1 size-sm font-weight-bold lqd-lp-read-more\">\n\t\t<span class=\"btn-line btn-line-before d-inline-block pos-rel\"><\/span>\n\t\t<span class=\"btn-txt d-inline-block\">Continue Reading<\/span>\n\t\t<span class=\"btn-line btn-line-after d-inline-block pos-rel\">\n\t\t\t<svg class=\"d-inline-block pos-abs\" xmlns=\"http:\/\/www.w3.org\/2000\/svg\" width=\"12\" height=\"32\" viewBox=\"0 0 12 32\" style=\"height: 2em;\"><path fill=\"currentColor\" d=\"M8.375 16L.437 8.062C-.125 7.5-.125 6.5.438 5.938s1.563-.563 2.126 0l9 9c.562.562.624 1.5.062 2.062l-9.063 9.063c-.312.312-.687.437-1.062.437s-.75-.125-1.063-.438c-.562-.562-.562-1.562 0-2.125z\"><\/path><\/svg>\n\t\t<\/span>\n\t<\/a>\n<\/footer>\n\n<a  href=\"https:\/\/rcreee.org\/fr\/rcreee-a-eu-lhonneur-de-recevoir-le-president-du-conseil-dadministration-le-dr-abbas-adam-au-siege-du-rcreee-au-caire\/\" class=\"lqd-lp-overlay-link lqd-overlay lqd-cc-label-trigger z-index-2\" tab-index=\"-1\"><\/a>\n<\/article><\/div><div class=\"lqd-lp-column d-flex flex-column col-md-4 col-sm-6 press-releases-fr events-fr news-fr\"><article id=\"post-28826\" class=\"lqd-lp pos-rel lqd-lp lqd-lp-style-16 text-start post-28826 post type-post status-publish format-standard has-post-thumbnail hentry category-press-releases-fr category-events-fr category-news-fr\">\n\n<div class=\"lqd-lp-img border-radius-4 overflow-hidden pos-rel mb-5\">\n\t<figure class=\"pos-rel bg-cover bg-center w-100\"><img decoding=\"async\" width=\"720\" height=\"400\" src=\"data:image\/svg+xml;charset=utf-8,%3Csvg xmlns%3D&#039;http%3A%2F%2Fwww.w3.org%2F2000%2Fsvg&#039; viewBox%3D&#039;0 0  &#039;%2F%3E\" class=\"w-100 ld-lazyload wp-post-image\" alt=\"\" itemprop=\"image\" data-src=\"https:\/\/rcreee.org\/wp-content\/uploads\/2026\/02\/WhatsApp-Image-2026-02-03-at-11.21.09-AM-2-720x400.jpeg\" data-aspect=\"\" \/><\/figure><\/div>\n\n<header class=\"lqd-lp-header mb-3\">\n\t<h2 class=\"entry-title lqd-lp-title h5 m-0\"><a  href=\"https:\/\/rcreee.org\/fr\/amman-accueille-la-29e-reunion-du-conseil-dadministration-du-centre-regional-le-ministere-de-lenergie-annonce-la-semaine-de-lenergie-durable-damman-2026-en-mai\/\" rel=\"bookmark\">Amman accueille la 29e r\u00e9union du conseil d&#8217;administration du Centre r\u00e9gional &#8211; Le minist\u00e8re de l&#8217;\u00e9nergie annonce la semaine de l&#8217;\u00e9nergie durable d&#8217;Amman 2026 en mai<\/a><\/h2><\/header>\n\n\t\t\t<div class=\"lqd-lp-excerpt mb-3\">\n\t\t\t\t\t\t\t<\/div>\n\t\t\n<footer class=\"lqd-lp-footer pos-rel z-index-2 pt-1\">\n\t<a href=\"https:\/\/rcreee.org\/fr\/amman-accueille-la-29e-reunion-du-conseil-dadministration-du-centre-regional-le-ministere-de-lenergie-annonce-la-semaine-de-lenergie-durable-damman-2026-en-mai\/\" class=\"btn btn-naked text-uppercase ltr-sp-1 size-sm font-weight-bold lqd-lp-read-more\">\n\t\t<span class=\"btn-line btn-line-before d-inline-block pos-rel\"><\/span>\n\t\t<span class=\"btn-txt d-inline-block\">Continue Reading<\/span>\n\t\t<span class=\"btn-line btn-line-after d-inline-block pos-rel\">\n\t\t\t<svg class=\"d-inline-block pos-abs\" xmlns=\"http:\/\/www.w3.org\/2000\/svg\" width=\"12\" height=\"32\" viewBox=\"0 0 12 32\" style=\"height: 2em;\"><path fill=\"currentColor\" d=\"M8.375 16L.437 8.062C-.125 7.5-.125 6.5.438 5.938s1.563-.563 2.126 0l9 9c.562.562.624 1.5.062 2.062l-9.063 9.063c-.312.312-.687.437-1.062.437s-.75-.125-1.063-.438c-.562-.562-.562-1.562 0-2.125z\"><\/path><\/svg>\n\t\t<\/span>\n\t<\/a>\n<\/footer>\n\n<a  href=\"https:\/\/rcreee.org\/fr\/amman-accueille-la-29e-reunion-du-conseil-dadministration-du-centre-regional-le-ministere-de-lenergie-annonce-la-semaine-de-lenergie-durable-damman-2026-en-mai\/\" class=\"lqd-lp-overlay-link lqd-overlay lqd-cc-label-trigger z-index-2\" tab-index=\"-1\"><\/a>\n<\/article><\/div><div class=\"lqd-lp-column d-flex flex-column col-md-4 col-sm-6 press-releases-fr news-fr\"><article id=\"post-28752\" class=\"lqd-lp pos-rel lqd-lp lqd-lp-style-16 text-start post-28752 post type-post status-publish format-standard has-post-thumbnail hentry category-press-releases-fr category-news-fr\">\n\n<div class=\"lqd-lp-img border-radius-4 overflow-hidden pos-rel mb-5\">\n\t<figure class=\"pos-rel bg-cover bg-center w-100\"><img decoding=\"async\" width=\"720\" height=\"400\" src=\"data:image\/svg+xml;charset=utf-8,%3Csvg xmlns%3D&#039;http%3A%2F%2Fwww.w3.org%2F2000%2Fsvg&#039; viewBox%3D&#039;0 0  &#039;%2F%3E\" class=\"w-100 ld-lazyload wp-post-image\" alt=\"\" itemprop=\"image\" data-src=\"https:\/\/rcreee.org\/wp-content\/uploads\/2026\/01\/Min-Env-1-720x400.jpg\" data-aspect=\"\" \/><\/figure><\/div>\n\n<header class=\"lqd-lp-header mb-3\">\n\t<h2 class=\"entry-title lqd-lp-title h5 m-0\"><a  href=\"https:\/\/rcreee.org\/fr\/le-ministre-du-developpement-local-recoit-une-delegation-du-centre-regional-pour-les-energies-renouvelables-et-lefficacite-energetique\/\" rel=\"bookmark\">Le ministre du d\u00e9veloppement local re\u00e7oit une d\u00e9l\u00e9gation du Centre r\u00e9gional pour les \u00e9nergies renouvelables et l&#8217;efficacit\u00e9 \u00e9nerg\u00e9tique<\/a><\/h2><\/header>\n\n\t\t\t<div class=\"lqd-lp-excerpt mb-3\">\n\t\t\t\t\t\t\t<\/div>\n\t\t\n<footer class=\"lqd-lp-footer pos-rel z-index-2 pt-1\">\n\t<a href=\"https:\/\/rcreee.org\/fr\/le-ministre-du-developpement-local-recoit-une-delegation-du-centre-regional-pour-les-energies-renouvelables-et-lefficacite-energetique\/\" class=\"btn btn-naked text-uppercase ltr-sp-1 size-sm font-weight-bold lqd-lp-read-more\">\n\t\t<span class=\"btn-line btn-line-before d-inline-block pos-rel\"><\/span>\n\t\t<span class=\"btn-txt d-inline-block\">Continue Reading<\/span>\n\t\t<span class=\"btn-line btn-line-after d-inline-block pos-rel\">\n\t\t\t<svg class=\"d-inline-block pos-abs\" xmlns=\"http:\/\/www.w3.org\/2000\/svg\" width=\"12\" height=\"32\" viewBox=\"0 0 12 32\" style=\"height: 2em;\"><path fill=\"currentColor\" d=\"M8.375 16L.437 8.062C-.125 7.5-.125 6.5.438 5.938s1.563-.563 2.126 0l9 9c.562.562.624 1.5.062 2.062l-9.063 9.063c-.312.312-.687.437-1.062.437s-.75-.125-1.063-.438c-.562-.562-.562-1.562 0-2.125z\"><\/path><\/svg>\n\t\t<\/span>\n\t<\/a>\n<\/footer>\n\n<a  href=\"https:\/\/rcreee.org\/fr\/le-ministre-du-developpement-local-recoit-une-delegation-du-centre-regional-pour-les-energies-renouvelables-et-lefficacite-energetique\/\" class=\"lqd-lp-overlay-link lqd-overlay lqd-cc-label-trigger z-index-2\" tab-index=\"-1\"><\/a>\n<\/article><\/div><div class=\"lqd-lp-column d-flex flex-column col-md-4 col-sm-6 press-releases-fr news-fr\"><article id=\"post-26316\" class=\"lqd-lp pos-rel lqd-lp lqd-lp-style-16 text-start post-26316 post type-post status-publish format-standard has-post-thumbnail hentry category-press-releases-fr category-news-fr\">\n\n<div class=\"lqd-lp-img border-radius-4 overflow-hidden pos-rel mb-5\">\n\t<figure class=\"pos-rel bg-cover bg-center w-100\"><img loading=\"lazy\" decoding=\"async\" width=\"720\" height=\"400\" src=\"data:image\/svg+xml;charset=utf-8,%3Csvg xmlns%3D&#039;http%3A%2F%2Fwww.w3.org%2F2000%2Fsvg&#039; viewBox%3D&#039;0 0  &#039;%2F%3E\" class=\"w-100 ld-lazyload wp-post-image\" alt=\"\" itemprop=\"image\" data-src=\"https:\/\/rcreee.org\/wp-content\/uploads\/2025\/03\/IMG-20250224-WA0001-720x400.jpg\" data-aspect=\"\" \/><\/figure><\/div>\n\n<header class=\"lqd-lp-header mb-3\">\n\t<h2 class=\"entry-title lqd-lp-title h5 m-0\"><a  href=\"https:\/\/rcreee.org\/fr\/communique-de-presse-le-koweit-abrite-la-24eme-reunion-du-conseil-dadministration-du-centre-regional-pour-les-energies-renouvelables-et-lefficacite-energetique\/\" rel=\"bookmark\">Communiqu\u00e9 de Presse: Le Kowe\u00eft abrite la 24eme R\u00e9union du Conseil d&#8217;Administration du Centre R\u00e9gional pour les Energies Renouvelables et l&#8217;Efficacit\u00e9 Energ\u00e9tique<\/a><\/h2><\/header>\n\n\t\t\t<div class=\"lqd-lp-excerpt mb-3\">\n\t\t\t\t\t\t\t<\/div>\n\t\t\n<footer class=\"lqd-lp-footer pos-rel z-index-2 pt-1\">\n\t<a href=\"https:\/\/rcreee.org\/fr\/communique-de-presse-le-koweit-abrite-la-24eme-reunion-du-conseil-dadministration-du-centre-regional-pour-les-energies-renouvelables-et-lefficacite-energetique\/\" class=\"btn btn-naked text-uppercase ltr-sp-1 size-sm font-weight-bold lqd-lp-read-more\">\n\t\t<span class=\"btn-line btn-line-before d-inline-block pos-rel\"><\/span>\n\t\t<span class=\"btn-txt d-inline-block\">Continue Reading<\/span>\n\t\t<span class=\"btn-line btn-line-after d-inline-block pos-rel\">\n\t\t\t<svg class=\"d-inline-block pos-abs\" xmlns=\"http:\/\/www.w3.org\/2000\/svg\" width=\"12\" height=\"32\" viewBox=\"0 0 12 32\" style=\"height: 2em;\"><path fill=\"currentColor\" d=\"M8.375 16L.437 8.062C-.125 7.5-.125 6.5.438 5.938s1.563-.563 2.126 0l9 9c.562.562.624 1.5.062 2.062l-9.063 9.063c-.312.312-.687.437-1.062.437s-.75-.125-1.063-.438c-.562-.562-.562-1.562 0-2.125z\"><\/path><\/svg>\n\t\t<\/span>\n\t<\/a>\n<\/footer>\n\n<a  href=\"https:\/\/rcreee.org\/fr\/communique-de-presse-le-koweit-abrite-la-24eme-reunion-du-conseil-dadministration-du-centre-regional-pour-les-energies-renouvelables-et-lefficacite-energetique\/\" class=\"lqd-lp-overlay-link lqd-overlay lqd-cc-label-trigger z-index-2\" tab-index=\"-1\"><\/a>\n<\/article><\/div><div class=\"lqd-lp-column d-flex flex-column col-md-4 col-sm-6 press-releases-fr\"><article id=\"post-24168\" class=\"lqd-lp pos-rel lqd-lp lqd-lp-style-16 text-start post-24168 post type-post status-publish format-standard hentry category-press-releases-fr\">\n\n<div class=\"lqd-lp-img border-radius-4 overflow-hidden pos-rel mb-5\">\n\t<\/div>\n\n<header class=\"lqd-lp-header mb-3\">\n\t<h2 class=\"entry-title lqd-lp-title h5 m-0\"><a  href=\"https:\/\/rcreee.org\/fr\/le-centre-participe-a-lorganisation-des-huitieme-et-neuvieme-sessions-pour-celebrer-la-journee-arabe-de-lefficacite-energetique\/\" rel=\"bookmark\">Le centre participe \u00e0 l&#8217;organisation des huiti\u00e8me et neuvi\u00e8me sessions pour c\u00e9l\u00e9brer la Journ\u00e9e arabe de l&#8217;efficacit\u00e9 \u00e9nerg\u00e9tique<\/a><\/h2><\/header>\n\n\t\t\t<div class=\"lqd-lp-excerpt mb-3\">\n\t\t\t\t\t\t\t<\/div>\n\t\t\n<footer class=\"lqd-lp-footer pos-rel z-index-2 pt-1\">\n\t<a href=\"https:\/\/rcreee.org\/fr\/le-centre-participe-a-lorganisation-des-huitieme-et-neuvieme-sessions-pour-celebrer-la-journee-arabe-de-lefficacite-energetique\/\" class=\"btn btn-naked text-uppercase ltr-sp-1 size-sm font-weight-bold lqd-lp-read-more\">\n\t\t<span class=\"btn-line btn-line-before d-inline-block pos-rel\"><\/span>\n\t\t<span class=\"btn-txt d-inline-block\">Continue Reading<\/span>\n\t\t<span class=\"btn-line btn-line-after d-inline-block pos-rel\">\n\t\t\t<svg class=\"d-inline-block pos-abs\" xmlns=\"http:\/\/www.w3.org\/2000\/svg\" width=\"12\" height=\"32\" viewBox=\"0 0 12 32\" style=\"height: 2em;\"><path fill=\"currentColor\" d=\"M8.375 16L.437 8.062C-.125 7.5-.125 6.5.438 5.938s1.563-.563 2.126 0l9 9c.562.562.624 1.5.062 2.062l-9.063 9.063c-.312.312-.687.437-1.062.437s-.75-.125-1.063-.438c-.562-.562-.562-1.562 0-2.125z\"><\/path><\/svg>\n\t\t<\/span>\n\t<\/a>\n<\/footer>\n\n<a  href=\"https:\/\/rcreee.org\/fr\/le-centre-participe-a-lorganisation-des-huitieme-et-neuvieme-sessions-pour-celebrer-la-journee-arabe-de-lefficacite-energetique\/\" class=\"lqd-lp-overlay-link lqd-overlay lqd-cc-label-trigger z-index-2\" tab-index=\"-1\"><\/a>\n<\/article><\/div><div class=\"lqd-lp-column d-flex flex-column col-md-4 col-sm-6 press-releases-fr\"><article id=\"post-24165\" class=\"lqd-lp pos-rel lqd-lp lqd-lp-style-16 text-start post-24165 post type-post status-publish format-standard has-post-thumbnail hentry category-press-releases-fr\">\n\n<div class=\"lqd-lp-img border-radius-4 overflow-hidden pos-rel mb-5\">\n\t<figure class=\"pos-rel bg-cover bg-center w-100\"><img loading=\"lazy\" decoding=\"async\" width=\"623\" height=\"151\" src=\"data:image\/svg+xml;charset=utf-8,%3Csvg xmlns%3D&#039;http%3A%2F%2Fwww.w3.org%2F2000%2Fsvg&#039; viewBox%3D&#039;0 0  &#039;%2F%3E\" class=\"w-100 ld-lazyload wp-post-image\" alt=\"\" itemprop=\"image\" data-src=\"https:\/\/rcreee.org\/wp-content\/uploads\/2020\/12\/pulse.png\" data-srcset=\"https:\/\/rcreee.org\/wp-content\/uploads\/2020\/12\/pulse.png 623w, https:\/\/rcreee.org\/wp-content\/uploads\/2020\/12\/pulse-300x73.png 300w\" data-sizes=\"(max-width: 623px) 100vw, 623px\" data-aspect=\"\" \/><\/figure><\/div>\n\n<header class=\"lqd-lp-header mb-3\">\n\t<h2 class=\"entry-title lqd-lp-title h5 m-0\"><a  href=\"https:\/\/rcreee.org\/fr\/rcreee-et-res4africa-pour-promouvoir-conjointement-le-deploiement-des-energies-renouvelables\/\" rel=\"bookmark\">RCREEE et RES4Africa pour promouvoir conjointement le d\u00e9ploiement des \u00e9nergies renouvelables<\/a><\/h2><\/header>\n\n\t\t\t<div class=\"lqd-lp-excerpt mb-3\">\n\t\t\t\t\t\t\t<\/div>\n\t\t\n<footer class=\"lqd-lp-footer pos-rel z-index-2 pt-1\">\n\t<a href=\"https:\/\/rcreee.org\/fr\/rcreee-et-res4africa-pour-promouvoir-conjointement-le-deploiement-des-energies-renouvelables\/\" class=\"btn btn-naked text-uppercase ltr-sp-1 size-sm font-weight-bold lqd-lp-read-more\">\n\t\t<span class=\"btn-line btn-line-before d-inline-block pos-rel\"><\/span>\n\t\t<span class=\"btn-txt d-inline-block\">Continue Reading<\/span>\n\t\t<span class=\"btn-line btn-line-after d-inline-block pos-rel\">\n\t\t\t<svg class=\"d-inline-block pos-abs\" xmlns=\"http:\/\/www.w3.org\/2000\/svg\" width=\"12\" height=\"32\" viewBox=\"0 0 12 32\" style=\"height: 2em;\"><path fill=\"currentColor\" d=\"M8.375 16L.437 8.062C-.125 7.5-.125 6.5.438 5.938s1.563-.563 2.126 0l9 9c.562.562.624 1.5.062 2.062l-9.063 9.063c-.312.312-.687.437-1.062.437s-.75-.125-1.063-.438c-.562-.562-.562-1.562 0-2.125z\"><\/path><\/svg>\n\t\t<\/span>\n\t<\/a>\n<\/footer>\n\n<a  href=\"https:\/\/rcreee.org\/fr\/rcreee-et-res4africa-pour-promouvoir-conjointement-le-deploiement-des-energies-renouvelables\/\" class=\"lqd-lp-overlay-link lqd-overlay lqd-cc-label-trigger z-index-2\" tab-index=\"-1\"><\/a>\n<\/article><\/div><div class=\"lqd-lp-column d-flex flex-column col-md-4 col-sm-6 press-releases-fr\"><article id=\"post-24162\" class=\"lqd-lp pos-rel lqd-lp lqd-lp-style-16 text-start post-24162 post type-post status-publish format-standard has-post-thumbnail hentry category-press-releases-fr\">\n\n<div class=\"lqd-lp-img border-radius-4 overflow-hidden pos-rel mb-5\">\n\t<figure class=\"pos-rel bg-cover bg-center w-100\"><img loading=\"lazy\" decoding=\"async\" width=\"720\" height=\"400\" src=\"data:image\/svg+xml;charset=utf-8,%3Csvg xmlns%3D&#039;http%3A%2F%2Fwww.w3.org%2F2000%2Fsvg&#039; viewBox%3D&#039;0 0  &#039;%2F%3E\" class=\"w-100 ld-lazyload wp-post-image\" alt=\"\" itemprop=\"image\" data-src=\"https:\/\/rcreee.org\/wp-content\/uploads\/2020\/08\/rcreeefesnewcooperation_en-720x400.png\" data-aspect=\"\" \/><\/figure><\/div>\n\n<header class=\"lqd-lp-header mb-3\">\n\t<h2 class=\"entry-title lqd-lp-title h5 m-0\"><a  href=\"https:\/\/rcreee.org\/fr\/nouvelle-collaboration-sur-lautonomisation-des-femmes-dans-le-domaine-de-lenergie-durable\/\" rel=\"bookmark\">Nouvelle collaboration sur l&#8217;autonomisation des femmes dans le domaine de l&#8217;\u00e9nergie durable<\/a><\/h2><\/header>\n\n\t\t\t<div class=\"lqd-lp-excerpt mb-3\">\n\t\t\t\t\t\t\t<\/div>\n\t\t\n<footer class=\"lqd-lp-footer pos-rel z-index-2 pt-1\">\n\t<a href=\"https:\/\/rcreee.org\/fr\/nouvelle-collaboration-sur-lautonomisation-des-femmes-dans-le-domaine-de-lenergie-durable\/\" class=\"btn btn-naked text-uppercase ltr-sp-1 size-sm font-weight-bold lqd-lp-read-more\">\n\t\t<span class=\"btn-line btn-line-before d-inline-block pos-rel\"><\/span>\n\t\t<span class=\"btn-txt d-inline-block\">Continue Reading<\/span>\n\t\t<span class=\"btn-line btn-line-after d-inline-block pos-rel\">\n\t\t\t<svg class=\"d-inline-block pos-abs\" xmlns=\"http:\/\/www.w3.org\/2000\/svg\" width=\"12\" height=\"32\" viewBox=\"0 0 12 32\" style=\"height: 2em;\"><path fill=\"currentColor\" d=\"M8.375 16L.437 8.062C-.125 7.5-.125 6.5.438 5.938s1.563-.563 2.126 0l9 9c.562.562.624 1.5.062 2.062l-9.063 9.063c-.312.312-.687.437-1.062.437s-.75-.125-1.063-.438c-.562-.562-.562-1.562 0-2.125z\"><\/path><\/svg>\n\t\t<\/span>\n\t<\/a>\n<\/footer>\n\n<a  href=\"https:\/\/rcreee.org\/fr\/nouvelle-collaboration-sur-lautonomisation-des-femmes-dans-le-domaine-de-lenergie-durable\/\" class=\"lqd-lp-overlay-link lqd-overlay lqd-cc-label-trigger z-index-2\" tab-index=\"-1\"><\/a>\n<\/article><\/div><\/div><!--\/ .row --><\/div><!--\/ .lqd-lp-grid -->\t\t\t\t<\/div>\n\t\t\t\t<\/div>\n\t\t\t\t<div class=\"elementor-element elementor-element-df937de elementor-widget elementor-widget-spacer\" data-id=\"df937de\" data-element_type=\"widget\" data-widget_type=\"spacer.default\">\n\t\t\t\t<div class=\"elementor-widget-container\">\n\t\t\t\t\t\t\t<div class=\"elementor-spacer\">\n\t\t\t<div class=\"elementor-spacer-inner\"><\/div>\n\t\t<\/div>\n\t\t\t\t\t\t<\/div>\n\t\t\t\t<\/div>\n\t\t\t\t\t<\/div>\n\t\t\t\t<\/div>\n\t\t\t\t<\/div>\n\t\t","protected":false},"excerpt":{"rendered":"","protected":false},"author":1,"featured_media":0,"parent":0,"menu_order":0,"comment_status":"closed","ping_status":"closed","template":"","meta":{"footnotes":""},"class_list":["post-24733","page","type-page","status-publish","hentry"],"_links":{"self":[{"href":"https:\/\/rcreee.org\/fr\/wp-json\/wp\/v2\/pages\/24733","targetHints":{"allow":["GET"]}}],"collection":[{"href":"https:\/\/rcreee.org\/fr\/wp-json\/wp\/v2\/pages"}],"about":[{"href":"https:\/\/rcreee.org\/fr\/wp-json\/wp\/v2\/types\/page"}],"author":[{"embeddable":true,"href":"https:\/\/rcreee.org\/fr\/wp-json\/wp\/v2\/users\/1"}],"replies":[{"embeddable":true,"href":"https:\/\/rcreee.org\/fr\/wp-json\/wp\/v2\/comments?post=24733"}],"version-history":[{"count":0,"href":"https:\/\/rcreee.org\/fr\/wp-json\/wp\/v2\/pages\/24733\/revisions"}],"wp:attachment":[{"href":"https:\/\/rcreee.org\/fr\/wp-json\/wp\/v2\/media?parent=24733"}],"curies":[{"name":"wp","href":"https:\/\/api.w.org\/{rel}","templated":true}]}}