{"id":24755,"date":"2024-06-03T14:12:50","date_gmt":"2024-06-03T14:12:50","guid":{"rendered":"https:\/\/rcreee.org\/le-programme-arabe-pour-lenergie-durable-pour-les-jeunes-apsey\/"},"modified":"2024-07-23T10:49:48","modified_gmt":"2024-07-23T10:49:48","slug":"le-programme-arabe-pour-lenergie-durable-pour-les-jeunes-apsey","status":"publish","type":"page","link":"https:\/\/rcreee.org\/fr\/le-programme-arabe-pour-lenergie-durable-pour-les-jeunes-apsey\/","title":{"rendered":"Le programme arabe pour l&#8217;\u00e9nergie durable pour les jeunes\u2122 (APSEY)"},"content":{"rendered":"\t\t<div data-elementor-type=\"wp-page\" data-elementor-id=\"24755\" class=\"elementor elementor-24755 elementor-317\" data-elementor-post-type=\"page\">\n\t\t\t\t<div class=\"elementor-element elementor-element-bf38b53 e-flex e-con-boxed e-con e-parent\" data-id=\"bf38b53\" data-element_type=\"container\">\n\t\t\t\t\t<div class=\"e-con-inner\">\n\t\t\t\t<div class=\"elementor-element elementor-element-7a4554f elementor-widget elementor-widget-ld_fancy_image\" data-id=\"7a4554f\" data-element_type=\"widget\" data-widget_type=\"ld_fancy_image.default\">\n\t\t\t\t<div class=\"elementor-widget-container\">\n\t\t\t\t\t\n\t\t<div class=\"lqd-imggrp-single d-block pos-rel \">\n\t\t\t<div class=\"lqd-imggrp-img-container d-inline-flex pos-rel align-items-center justify-content-center \">\n\t\t\t\t\t\t\t\t<figure class=\"w-100 pos-rel\">\n\t\t\t\t\t<img fetchpriority=\"high\" decoding=\"async\" width=\"2000\" height=\"396\" src=\"https:\/\/rcreee.org\/wp-content\/uploads\/2024\/03\/1520224557519.jpg\" class=\"attachment-full size-full wp-image-20156\" alt=\"\" srcset=\"https:\/\/rcreee.org\/wp-content\/uploads\/2024\/03\/1520224557519.jpg 2000w, https:\/\/rcreee.org\/wp-content\/uploads\/2024\/03\/1520224557519-300x59.jpg 300w, https:\/\/rcreee.org\/wp-content\/uploads\/2024\/03\/1520224557519-1024x203.jpg 1024w, https:\/\/rcreee.org\/wp-content\/uploads\/2024\/03\/1520224557519-1536x304.jpg 1536w\" sizes=\"(max-width: 2000px) 100vw, 2000px\" itemprop=\"image\" \/>\t\t\t\t\t\t\t\t\t\t\t\t\t\t\t\t\t\t\t\t\t\t\t\t\t\t\t\t\t<\/figure>\n\t\t\t<\/div>\n\t\t<\/div>\n\n\t\t\t\t\t<\/div>\n\t\t\t\t<\/div>\n\t\t\t\t\t<\/div>\n\t\t\t\t<\/div>\n\t\t<div class=\"elementor-element elementor-element-3c8a096 e-flex e-con-boxed e-con e-parent\" data-id=\"3c8a096\" data-element_type=\"container\">\n\t\t\t\t\t<div class=\"e-con-inner\">\n\t\t\t\t<div class=\"elementor-element elementor-element-089065f elementor-widget elementor-widget-text-editor\" data-id=\"089065f\" data-element_type=\"widget\" data-widget_type=\"text-editor.default\">\n\t\t\t\t<div class=\"elementor-widget-container\">\n\t\t\t\t\t\t\t\t\t<p class=\"post-entry\">Au <b>RCREEE<\/b>, nous pensons que les jeunes talents de notre r\u00e9gion constituent son atout le plus pr\u00e9cieux. <b>Le programme arabe pour l&#8217;\u00e9nergie durable Youth\u2122 (APSEY<\/b> ) est un programme r\u00e9gional de stages en \u00e9nergie durable qui s&#8217;adresse aux jeunes professionnels et aux \u00e9tudiants de troisi\u00e8me cycle dans les domaines de l&#8217;ing\u00e9nierie, de l&#8217;\u00e9conomie et du droit de la r\u00e9gion arabe. Le programme vise \u00e0 renforcer les capacit\u00e9s techniques et op\u00e9rationnelles des jeunes talents de la r\u00e9gion int\u00e9ress\u00e9s par les domaines des \u00e9nergies renouvelables et de l&#8217;efficacit\u00e9 \u00e9nerg\u00e9tique. Le programme recrute chaque ann\u00e9e 12 stagiaires sur deux cycles pour une exp\u00e9rience pratique de la recherche et de l&#8217;analyse du centre, des notes politiques, de l&#8217;assistance technique et d&#8217;autres activit\u00e9s connexes. L&#8217;opportunit\u00e9 couvre l&#8217;int\u00e9gralit\u00e9 des frais de voyage et d&#8217;h\u00e9bergement au Caire, en plus d&#8217;un salaire mensuel.<\/p>\n<p class=\"post-entry\"><em> <\/em><\/p>\n\n<div class=\"post-entry\">\n\n<strong><em>Avantages pour les stagiaires<\/em><\/strong>\n<ul>\n<br>\n \t<li>Apprendre et d\u00e9velopper des connaissances et des comp\u00e9tences en mati\u00e8re d&#8217;\u00e9nergie durable<\/li>\n \t<li>Travailler en \u00e9troite collaboration avec des experts techniques de premier plan de la r\u00e9gion<\/li>\n \t<li>Acquire essential skills needed for future sustainable energy job markets<\/li>\n \t<li>Avoir acc\u00e8s \u00e0 divers ateliers et formations techniques et administratives<\/li>\n \t<li>Interagir avec des cultures et des exp\u00e9riences diversifi\u00e9es<\/li>\n \t<li>Consultez les offres de stage disponibles<\/li>\n<\/ul>\n<br>\n<strong><em>Qui doit poser sa candidature ?<\/em><\/strong>\n<ul>\n<br>\n \t<li>Jeunes professionnels de l&#8217;\u00e9nergie, de l&#8217;\u00e9lectricit\u00e9, de l&#8217;\u00e9conomie, des sciences politiques et \u00e9tudiants de troisi\u00e8me cycle<\/li>\n \t<li>Des chercheurs universitaires s&#8217;int\u00e9ressent aux march\u00e9s de l&#8217;\u00e9nergie durable dans la r\u00e9gion MENA<\/li>\n \t<li>Jeunes entrepreneurs int\u00e9ress\u00e9s par les investissements et la production d&#8217;\u00e9nergie durable<\/li>\n<\/ul>\n&nbsp;\n<br>\nAPSEY lance un appel \u00e0 candidatures deux fois par an.\n\n<\/div>\t\t\t\t\t\t\t\t<\/div>\n\t\t\t\t<\/div>\n\t\t\t\t\t<\/div>\n\t\t\t\t<\/div>\n\t\t<div class=\"elementor-element elementor-element-279b190 e-flex e-con-boxed e-con e-parent\" data-id=\"279b190\" data-element_type=\"container\">\n\t\t\t\t\t<div class=\"e-con-inner\">\n\t\t\t\t<div class=\"elementor-element elementor-element-1b45db5 elementor-widget elementor-widget-spacer\" data-id=\"1b45db5\" data-element_type=\"widget\" data-widget_type=\"spacer.default\">\n\t\t\t\t<div class=\"elementor-widget-container\">\n\t\t\t\t\t\t\t<div class=\"elementor-spacer\">\n\t\t\t<div class=\"elementor-spacer-inner\"><\/div>\n\t\t<\/div>\n\t\t\t\t\t\t<\/div>\n\t\t\t\t<\/div>\n\t\t\t\t\t<\/div>\n\t\t\t\t<\/div>\n\t\t\t\t<\/div>\n\t\t","protected":false},"excerpt":{"rendered":"<p>Au RCREEE, nous pensons que les jeunes talents de notre r\u00e9gion constituent son atout le plus pr\u00e9cieux. Le programme arabe pour l&#8217;\u00e9nergie durable Youth\u2122 (APSEY ) est un programme r\u00e9gional de stages en \u00e9nergie durable qui s&#8217;adresse aux jeunes professionnels et aux \u00e9tudiants de troisi\u00e8me cycle dans les domaines de l&#8217;ing\u00e9nierie, de l&#8217;\u00e9conomie et du [&hellip;]<\/p>\n","protected":false},"author":1,"featured_media":0,"parent":0,"menu_order":0,"comment_status":"closed","ping_status":"closed","template":"","meta":{"footnotes":""},"class_list":["post-24755","page","type-page","status-publish","hentry"],"_links":{"self":[{"href":"https:\/\/rcreee.org\/fr\/wp-json\/wp\/v2\/pages\/24755","targetHints":{"allow":["GET"]}}],"collection":[{"href":"https:\/\/rcreee.org\/fr\/wp-json\/wp\/v2\/pages"}],"about":[{"href":"https:\/\/rcreee.org\/fr\/wp-json\/wp\/v2\/types\/page"}],"author":[{"embeddable":true,"href":"https:\/\/rcreee.org\/fr\/wp-json\/wp\/v2\/users\/1"}],"replies":[{"embeddable":true,"href":"https:\/\/rcreee.org\/fr\/wp-json\/wp\/v2\/comments?post=24755"}],"version-history":[{"count":0,"href":"https:\/\/rcreee.org\/fr\/wp-json\/wp\/v2\/pages\/24755\/revisions"}],"wp:attachment":[{"href":"https:\/\/rcreee.org\/fr\/wp-json\/wp\/v2\/media?parent=24755"}],"curies":[{"name":"wp","href":"https:\/\/api.w.org\/{rel}","templated":true}]}}